{"id":1525,"date":"2019-01-01T18:49:16","date_gmt":"2019-01-01T17:49:16","guid":{"rendered":"http:\/\/polacek-sturovo.sk\/new\/?page_id=1525"},"modified":"2026-01-03T06:45:30","modified_gmt":"2026-01-03T05:45:30","slug":"bobova-drahahrad-vysehrad","status":"publish","type":"page","link":"https:\/\/polacek-sturovo.sk\/?page_id=1525","title":{"rendered":"Bobov\u00e1 dr\u00e1ha+hrad Vy\u0161ehrad"},"content":{"rendered":"<div class=\"brz-root__container brz-reset-all brz\">\n<section id=\"_xoqrzaayuw\" class=\"brz-section brz-css-ogp8K\">\n<div class=\"brz-section__content brz-section--boxed brz-css-gIFvJ brz-css-cNZXh\" data-brz-custom-id=\"momgblcgnx\">\n<div class=\"brz-container brz-css-niEEq\">\n<div id=\"\" class=\"brz-css-d6EJf brz-wrapper\">\n<div class=\"brz-rich-text brz-rich-text__custom brz-css-uUOto\" data-brz-custom-id=\"wddqpjrimd\">\n<div data-brz-translate-text=\"1\">\n<p class=\"brz-tp-heading1 brz-text-lg-center brz-css-nZbQ5\"><span>Bobov\u00e1 dr\u00e1ha + hrad Vy\u0161ehrad<\/span><\/p>\n<p class=\"brz-fs-xs-im-18 brz-fs-lg-26 brz-fw-xs-im-200 brz-fw-sm-im-undefined brz-fw-lg-400 brz-ff-kanit brz-ls-xs-im-m_1 brz-ls-sm-im-undefined brz-ls-lg-m_1 brz-lh-xs-im-1_3 brz-lh-sm-im-undefined brz-lh-lg-1_4 brz-text-lg-center brz-css-s1RqG\"><a class=\"link--external brz-cp-color1\" href=\"http:\/\/www.bobozas.hu\/visegrad\" data-brz-link-type=\"external\" target=\"_blank\"> http:\/\/www.bobozas.hu\/visegrad<\/a><\/p>\n<\/div>\n<\/div>\n<\/div>\n<div id=\"\" class=\"brz-css-d6EJf brz-wrapper\">\n<div class=\"brz-rich-text brz-rich-text__custom brz-css-uUOto\" data-brz-custom-id=\"hncmnsosaj\">\n<div data-brz-translate-text=\"1\">\n<p class=\"brz-lh-lg-1_7 brz-lh-sm-undefined brz-lh-xs-1_6 brz-ls-lg-0 brz-ls-sm-undefined brz-ls-xs-0 brz-ff-kanit brz-fw-lg-400 brz-fw-sm-400 brz-fw-xs-400 brz-fs-lg-17 brz-fs-xs-17 brz-text-lg-center brz-css-f1CbV\" data-uniq-id=\"zdtti\" data-generated-css=\"brz-css-ebthy\"><\/p>\n<p class=\"brz-lh-lg-1_7 brz-lh-sm-undefined brz-lh-xs-1_6 brz-ls-lg-0 brz-ls-sm-undefined brz-ls-xs-0 brz-ff-kanit brz-fw-lg-400 brz-fw-sm-400 brz-fw-xs-400 brz-fs-lg-17 brz-fs-xs-17 brz-text-lg-justify brz-css-k3C_p\" data-uniq-id=\"dhdix\" data-generated-css=\"brz-css-ddylz\"><span> Bobov\u00e1 dr\u00e1ha sa nach\u00e1dza nad obcou Visegr\u00e1d, kr\u00e1snej pr\u00edrodnej scen\u00e9rii kde o\u010dak\u00e1vaj\u00fa \u0161portovo zalo\u017een\u00fdch n\u00e1v\u0161tevn\u00edkov s&nbsp;2 dr\u00e1hami. Letn\u00e1 dr\u00e1ha je tzv. korytov\u00e1, druh\u00e1 dr\u00e1ha, ko\u013eajnicov\u00e1 alebo alpsk\u00e1, je v prev\u00e1dzke po\u010das cel\u00e9ho roka. V&nbsp;pr\u00edpade da\u017ediv\u00e9ho po\u010dasia a&nbsp;sne\u017eenia s\u00fa v\u0161etky boby vybaven\u00e9 strechou z plexiskla. Z dr\u00e1hy sa pon\u00faka n\u00e1dhern\u00fd poh\u013ead na bl\u00edzky hrad, \u201eFellegv\u00e1r\u201c, kam sa po\u010das v\u00fdletu p\u00f4jdeme&nbsp;aj pozrie\u0165. Boby s\u00fa \u0165ahan\u00e9 na najvy\u0161\u0161\u00ed bod dr\u00e1hy vlekom po \u00faseku 240 m, nasleduje samotn\u00e1 jazda s&nbsp;11 serpent\u00ednami. Jazda na boboch je fantastick\u00fd z\u00e1\u017eitok pre mlad\u00fdch, rodiny, skupiny ale aj pre sk\u00f4r naroden\u00fdch. Deti o\u010dak\u00e1va aj pieskovisko a&nbsp;\u0161m\u00fdka\u010dka. O&nbsp;V\u00e1\u0161 hlad a&nbsp;sm\u00e4d sa postar\u00e1 bobov\u00fd bufet.<\/span><\/p>\n<p class=\"brz-text-lg-center brz-lh-lg-1_7 brz-lh-sm-undefined brz-lh-xs-1_6 brz-ls-lg-0 brz-ls-sm-undefined brz-ls-xs-0 brz-ff-kanit brz-fw-lg-400 brz-fw-sm-400 brz-fw-xs-400 brz-fs-lg-17 brz-fs-xs-17 brz-css-pgd_v\" data-uniq-id=\"qaxnb\" data-generated-css=\"brz-css-resth\"><\/p>\n<\/div>\n<\/div>\n<\/div>\n<div class=\"brz-row__container brz-css-yUR1s\" data-brz-custom-id=\"joqnnumawd\">\n<div class=\"brz-bg\"><\/div>\n<div class=\"brz-row brz-css-c5FQy\">\n<div class=\"brz-columns brz-css-x7Xr4 brz-css-vLBop\" data-brz-custom-id=\"ipvmucbdnu\">\n<div class=\"brz-bg\"><\/div>\n<div class=\"brz-column__items brz-css-eul8t\">\n<div id=\"\" class=\"brz-css-d6EJf brz-wrapper\">\n<div class=\"brz-image brz-image__lightbox brz-css-fPpqM brz-css-njWi3\" data-brz-custom-id=\"dmibunvfxs\"><a class=\"brz-a\" href=\"https:\/\/polacek-sturovo.sk\/wp-content\/uploads\/2018\/12\/20130628-img-3116-edit-custom.jpg\" target=\"_self\" rel=\"noopener\" data-brz-link-type=\"lightBox\"><img decoding=\"async\" class=\"brz-img\" src=\"https:\/\/polacek-sturovo.sk\/wp-content\/uploads\/brizy\/imgs\/20130628-img-3116-edit-custom-291x194x17x0x258x194x1598904147.jpg\" alt=\"\" loading=\"lazy\"><\/a><\/div>\n<\/div>\n<div id=\"\" class=\"brz-css-d6EJf brz-wrapper\">\n<div class=\"brz-image brz-image__lightbox brz-css-wgWoR brz-css-niMvZ\" data-brz-custom-id=\"vrbrrsbext\"><a class=\"brz-a\" href=\"https:\/\/polacek-sturovo.sk\/wp-content\/uploads\/2018\/12\/visegradi-var-02.jpg\" target=\"_self\" rel=\"noopener\" data-brz-link-type=\"lightBox\"><img decoding=\"async\" class=\"brz-img\" src=\"https:\/\/polacek-sturovo.sk\/wp-content\/uploads\/brizy\/imgs\/visegradi-var-02-258x193x0x0x258x193x1598904150.jpg\" alt=\"\" loading=\"lazy\"><\/a><\/div>\n<\/div>\n<\/div>\n<\/div>\n<div class=\"brz-columns brz-css-x7Xr4 brz-css-hQfVs\" data-brz-custom-id=\"yrcvinjxdm\">\n<div class=\"brz-bg\"><\/div>\n<div class=\"brz-column__items brz-css-eul8t\">\n<div id=\"\" class=\"brz-css-d6EJf brz-wrapper\">\n<div class=\"brz-image brz-image__lightbox brz-css-yW5sM brz-css-atCuu\" data-brz-custom-id=\"jpxygdyqct\"><a class=\"brz-a\" href=\"https:\/\/polacek-sturovo.sk\/wp-content\/uploads\/2018\/12\/img-6556.jpg\" target=\"_self\" rel=\"noopener\" data-brz-link-type=\"lightBox\"><img decoding=\"async\" class=\"brz-img\" src=\"https:\/\/polacek-sturovo.sk\/wp-content\/uploads\/brizy\/imgs\/img-6556-291x194x17x0x258x194x1598904129.jpg\" alt=\"\" loading=\"lazy\"><\/a><\/div>\n<\/div>\n<div id=\"\" class=\"brz-css-d6EJf brz-wrapper\">\n<div class=\"brz-image brz-image__lightbox brz-css-ritb0 brz-css-c2MQ5\" data-brz-custom-id=\"ienftrqmjc\"><a class=\"brz-a\" href=\"https:\/\/polacek-sturovo.sk\/wp-content\/uploads\/2018\/12\/visegradi-var-01-800x445.jpg\" target=\"_self\" rel=\"noopener\" data-brz-link-type=\"lightBox\"><img decoding=\"async\" class=\"brz-img\" src=\"https:\/\/polacek-sturovo.sk\/wp-content\/uploads\/brizy\/imgs\/visegradi-var-01-800x445-348x193x45x0x258x193x1598904103.jpg\" alt=\"\" loading=\"lazy\"><\/a><\/div>\n<\/div>\n<\/div>\n<\/div>\n<div class=\"brz-columns brz-css-x7Xr4 brz-css-cGEbH\" data-brz-custom-id=\"mjnamzjyuo\">\n<div class=\"brz-bg\"><\/div>\n<div class=\"brz-column__items brz-css-eul8t\">\n<div id=\"\" class=\"brz-css-d6EJf brz-wrapper\">\n<div class=\"brz-image brz-image__lightbox brz-css-vwIwT brz-css-qDdv1\" data-brz-custom-id=\"pwstsahdmc\"><a class=\"brz-a\" href=\"https:\/\/polacek-sturovo.sk\/wp-content\/uploads\/2019\/01\/2018-01-29.jpg\" target=\"_self\" rel=\"noopener\" data-brz-link-type=\"lightBox\"><img decoding=\"async\" class=\"brz-img\" src=\"https:\/\/polacek-sturovo.sk\/wp-content\/uploads\/brizy\/imgs\/2018-01-29-345x194x44x0x258x194x1598904407.jpg\" alt=\"\" loading=\"lazy\"><\/a><\/div>\n<\/div>\n<div id=\"\" class=\"brz-css-d6EJf brz-wrapper\">\n<div class=\"brz-image brz-image__lightbox brz-css-u9GUc brz-css-iG6XU\" data-brz-custom-id=\"fvgalqrwwq\"><a class=\"brz-a\" href=\"https:\/\/polacek-sturovo.sk\/wp-content\/uploads\/2019\/01\/visegradi-fellegvar-1.jpg\" target=\"_self\" rel=\"noopener\" data-brz-link-type=\"lightBox\"><img decoding=\"async\" class=\"brz-img\" src=\"https:\/\/polacek-sturovo.sk\/wp-content\/uploads\/brizy\/imgs\/visegradi-fellegvar-1-291x194x17x0x258x194x1598904441.jpg\" alt=\"\" loading=\"lazy\"><\/a><\/div>\n<\/div>\n<\/div>\n<\/div>\n<div class=\"brz-columns brz-css-x7Xr4 brz-css-iAPkx\" data-brz-custom-id=\"caawguclxc\">\n<div class=\"brz-bg\"><\/div>\n<div class=\"brz-column__items brz-css-eul8t\">\n<div id=\"\" class=\"brz-css-d6EJf brz-wrapper\">\n<div class=\"brz-image brz-css-zSApQ brz-css-b00tA\" data-brz-custom-id=\"ktprtnmaph\"><img decoding=\"async\" class=\"brz-img\" src=\"https:\/\/polacek-sturovo.sk\/wp-content\/uploads\/brizy\/imgs\/canopy-palya-es-kalandpark-visegrad-01-309x194x26x0x258x194x1598904158.jpg\" alt=\"\" loading=\"lazy\"><\/div>\n<\/div>\n<div id=\"\" class=\"brz-css-d6EJf brz-wrapper\">\n<div class=\"brz-image brz-css-eTYqi brz-css-g3XKa\" data-brz-custom-id=\"tmtbmajcdx\"><img decoding=\"async\" class=\"brz-img\" src=\"https:\/\/polacek-sturovo.sk\/wp-content\/uploads\/brizy\/imgs\/Visegrad006-258x193x0x0x258x193x1598904415.jpg\" alt=\"\" loading=\"lazy\"><\/div>\n<\/div>\n<\/div>\n<\/div>\n<\/div>\n<\/div>\n<div id=\"\" class=\"brz-css-d6EJf brz-wrapper\">\n<div class=\"brz-video brz-youtube-video brz-video-on-controls-hidden brz-css-yyDa9\" data-brz-custom-id=\"totxedjurn\">\n<div class=\"brz-video-content\" data-loop=\"false\" data-muted=\"false\" data-autoplay=\"off\">\n<div class=\"video-wrapper brz-image-fix-16-9\">\n<div class=\"brz-video-data brz-hidden\" data-src=\"https:\/\/www.youtube.com\/embed\/7AgBh4-GAjo?autoplay=0&amp;controls=1&amp;start=0&amp;end=0&amp;modestbranding=0&amp;wmode=transparent&amp;enablejsapi=1&amp;loop=0&amp;rel=0&amp;mute=0\" data-population=\"\" data-controls=\"true\" data-branding=\"true\" data-intro=\"true\" data-start=\"0\" data-end=\"0\" data-loop=\"false\" data-autoplay=\"off\"><\/div>\n<\/div>\n<\/div>\n<\/div>\n<\/div>\n<\/div>\n<\/div>\n<\/section>\n<section id=\"_gmfriapdsa\" class=\"brz-section brz-css-ogp8K\">\n<div class=\"brz-section__content brz-section--fullWidth brz-css-gIFvJ brz-css-w8x0N\" data-brz-custom-id=\"qejodmcdwo\">\n<div class=\"brz-bg\">\n<div class=\"brz-bg-color\"><\/div>\n<\/div>\n<div class=\"brz-container brz-css-niEEq brz-css-yqEqg\">\n<div id=\"\" class=\"brz-css-d6EJf brz-css-e54Ce brz-wrapper\">\n<div class=\"brz-image brz-css-wVog3\" data-brz-custom-id=\"jochbbibtx\"><img decoding=\"async\" class=\"brz-img\" src=\"https:\/\/polacek-sturovo.sk\/wp-content\/uploads\/brizy\/imgs\/logop2-330x61x0x0x330x61x1598904051.png\" alt=\"\" loading=\"lazy\"><\/div>\n<\/div>\n<div id=\"\" class=\"brz-css-d6EJf brz-css-tqotu brz-wrapper\">\n<div class=\"brz-rich-text brz-rich-text__custom brz-css-uUOto\" data-brz-custom-id=\"xjwpqzqgnw\">\n<div data-brz-translate-text=\"1\">\n<p class=\"brz-tp-abovetitle brz-text-lg-left brz-fs-lg-16 brz-fs-xs-im-14 brz-ff-barlow brz-fw-lg-600 brz-fw-sm-im-600 brz-fw-xs-im-600 brz-css-iJBvW\"><strong class=\"brz-cp-color3\">Adresa:<\/strong><\/p>\n<h6 class=\"brz-ls-lg-4 brz-ls-xs-im-0 brz-ls-sm-im-NaN brz-fs-xs-im-15 brz-fs-lg-17 brz-lh-xs-im-1_4 brz-lh-sm-im-undefined brz-lh-lg-1_5 brz-text-lg-left brz-ff-barlow brz-fw-lg-600 brz-fw-sm-im-600 brz-fw-xs-im-600 brz-css-lfnPv\"><strong class=\"brz-cp-color2\">&nbsp;Term\u00e1lne k\u00fapalisko Vada\u0161&nbsp;943 01,\u0160t\u00farovo<\/strong><\/h6>\n<\/div>\n<\/div>\n<\/div>\n<div id=\"\" class=\"brz-css-d6EJf brz-css-n4hPh brz-wrapper\">\n<div class=\"brz-map brz-map_styles brz-css-mVTlQ brz-css-xXSYc\" data-brz-custom-id=\"lcieromqyk\">\n<div class=\"brz-ui-ed-map-content\"><\/div>\n<\/div>\n<\/div>\n<div class=\"brz-row__container brz-css-yUR1s\" data-brz-custom-id=\"qpujgotkbw\">\n<div class=\"brz-bg\"><\/div>\n<div class=\"brz-row brz-css-c5FQy brz-css-aWOWr\">\n<div class=\"brz-columns brz-css-x7Xr4\" data-brz-custom-id=\"mwkryclpxj\">\n<div class=\"brz-bg\"><\/div>\n<div class=\"brz-column__items brz-css-eul8t brz-css-bMfNR\">\n<div id=\"\" class=\"brz-css-d6EJf brz-wrapper\">\n<div class=\"brz-rich-text brz-rich-text__custom brz-css-uUOto\" data-brz-custom-id=\"zdsqwcqomc\">\n<div data-brz-translate-text=\"1\">\n<p class=\"brz-tp-abovetitle brz-ff-barlow brz-fw-lg-700 brz-fw-sm-im-700 brz-fw-xs-im-700 brz-text-lg-center brz-css-j_bOG\"><strong class=\"brz-cp-color3\">E-MAIL<\/strong><\/p>\n<h6 class=\"brz-fw-xs-im-600 brz-fw-sm-im-600 brz-fw-lg-600 brz-ff-barlow brz-lh-xs-im-1_4 brz-lh-sm-im-undefined brz-lh-lg-1_5 brz-fs-lg-18 brz-fs-xs-im-16 brz-ls-lg-4 brz-ls-sm-im-NaN brz-ls-xs-im-5 brz-text-lg-center brz-css-kMeJG\"><strong class=\"brz-cp-color2\">info@polacek-sturovo.sk<\/strong><\/h6>\n<\/div>\n<\/div>\n<\/div>\n<\/div>\n<\/div>\n<div class=\"brz-columns brz-css-x7Xr4\" data-brz-custom-id=\"jdmbvostae\">\n<div class=\"brz-bg\"><\/div>\n<div class=\"brz-column__items brz-css-eul8t\">\n<div id=\"\" class=\"brz-css-d6EJf brz-wrapper\">\n<div class=\"brz-rich-text brz-rich-text__custom brz-css-uUOto\" data-brz-custom-id=\"kjiboktfrz\">\n<div data-brz-translate-text=\"1\">\n<p class=\"brz-tp-abovetitle brz-ff-barlow brz-fw-lg-600 brz-fw-sm-im-600 brz-fw-xs-im-600 brz-text-lg-center brz-css-yPKkb\"><strong class=\"brz-cp-color3\">Telefon<\/strong><\/p>\n<h6 class=\"brz-lh-lg-1_5 brz-lh-sm-im-undefined brz-lh-xs-im-1_4 brz-fs-lg-18 brz-fs-sm-im-undefined brz-fs-xs-im-16 brz-ls-lg-3 brz-ls-sm-im-NaN brz-ls-xs-im-0 brz-ff-barlow brz-fw-lg-600 brz-fw-sm-im-600 brz-fw-xs-im-600 brz-text-lg-center brz-css-iIutF\"><strong class=\"brz-cp-color2\">+421 905 649 376<\/strong><\/h6>\n<\/div>\n<\/div>\n<\/div>\n<\/div>\n<\/div>\n<\/div>\n<\/div>\n<\/div>\n<\/div>\n<\/section>\n<\/div>\n<p>    <!-- version:1731972779 --><\/p>\n","protected":false},"excerpt":{"rendered":"<p>Bobov\u00e1 dr\u00e1ha + hrad Vy\u0161ehrad http:\/\/www.bobozas.hu\/visegrad Bobov\u00e1 dr\u00e1ha sa nach\u00e1dza nad obcou Visegr\u00e1d, kr\u00e1snej pr\u00edrodnej scen\u00e9rii kde o\u010dak\u00e1vaj\u00fa \u0161portovo zalo\u017een\u00fdch n\u00e1v\u0161tevn\u00edkov s&nbsp;2 dr\u00e1hami. Letn\u00e1 dr\u00e1ha je tzv. korytov\u00e1, druh\u00e1 dr\u00e1ha, ko\u013eajnicov\u00e1 alebo alpsk\u00e1, je v prev\u00e1dzke po\u010das cel\u00e9ho roka. V&nbsp;pr\u00edpade da\u017ediv\u00e9ho po\u010dasia a&nbsp;sne\u017eenia s\u00fa v\u0161etky boby vybaven\u00e9 strechou z plexiskla. Z dr\u00e1hy sa pon\u00faka n\u00e1dhern\u00fd [&hellip;]<\/p>\n","protected":false},"author":1,"featured_media":0,"parent":0,"menu_order":0,"comment_status":"closed","ping_status":"closed","template":"visual-builder-template.php","meta":{"footnotes":""},"class_list":["post-1525","page","type-page","status-publish","hentry"],"aioseo_notices":[],"brizy_media":[{"id":1083,"url":"https:\/\/polacek-sturovo.sk\/wp-content\/uploads\/2018\/12\/visegradi-var-01-800x445.jpg","name":"visegradi-var-01-800x445.jpg","meta":{"brizy_attachment_uid":"wp-1bbb3d48fa580fb6483ce4007bbe6c9f","brizy_post_uid":["6b950c89883f5bca3dd26f506c43e775","746892e2da58bce7153b6e3f8f25031b","96862328a03053af7684b998b6716a6e"]}},{"id":1104,"url":"https:\/\/polacek-sturovo.sk\/wp-content\/uploads\/2018\/12\/20130628-img-3116-edit-custom.jpg","name":"20130628-img-3116-edit-custom.jpg","meta":{"brizy_attachment_uid":"wp-3c248297c30f6816f64322b6c54a46b7","brizy_post_uid":["746892e2da58bce7153b6e3f8f25031b","96862328a03053af7684b998b6716a6e"]}},{"id":1105,"url":"https:\/\/polacek-sturovo.sk\/wp-content\/uploads\/2018\/12\/canopy-palya-es-kalandpark-visegrad-01.jpg","name":"canopy-palya-es-kalandpark-visegrad-01.jpg","meta":{"brizy_attachment_uid":"wp-b87887d9433fef1e60b789fc548aaabf","brizy_post_uid":["746892e2da58bce7153b6e3f8f25031b","96862328a03053af7684b998b6716a6e"]}},{"id":1106,"url":"https:\/\/polacek-sturovo.sk\/wp-content\/uploads\/2018\/12\/img-6556.jpg","name":"img-6556.jpg","meta":{"brizy_attachment_uid":"wp-40e7f98f9e070ac2d118b5b01f392265","brizy_post_uid":["746892e2da58bce7153b6e3f8f25031b","96862328a03053af7684b998b6716a6e"]}},{"id":1107,"url":"https:\/\/polacek-sturovo.sk\/wp-content\/uploads\/2018\/12\/visegradi-var-02.jpg","name":"visegradi-var-02.jpg","meta":{"brizy_attachment_uid":"wp-36c35a15f3a63501ff265e787dab09a6","brizy_post_uid":["746892e2da58bce7153b6e3f8f25031b","96862328a03053af7684b998b6716a6e"]}},{"id":1528,"url":"https:\/\/polacek-sturovo.sk\/wp-content\/uploads\/2019\/01\/2018-01-29.jpg","name":"2018-01-29.jpg","meta":{"brizy_attachment_uid":"wp-50b7bbd5b5ee9e29dc84d9fa1d835c33","brizy_post_uid":["96862328a03053af7684b998b6716a6e"]}},{"id":1560,"url":"https:\/\/polacek-sturovo.sk\/wp-content\/uploads\/2019\/01\/visegradi-fellegvar-1.jpg","name":"visegradi-fellegvar-1.jpg","meta":{"brizy_attachment_uid":"wp-46d6c21093a2a386cc1839c706be8e4a","brizy_post_uid":["96862328a03053af7684b998b6716a6e"]}},{"id":1561,"url":"https:\/\/polacek-sturovo.sk\/wp-content\/uploads\/2019\/01\/Visegrad006.jpg","name":"Visegrad006.jpg","meta":{"brizy_attachment_uid":"wp-a3b1c34e4234abd7ff2b1f444c17585f","brizy_post_uid":["96862328a03053af7684b998b6716a6e"]}}],"_links":{"self":[{"href":"https:\/\/polacek-sturovo.sk\/index.php?rest_route=\/wp\/v2\/pages\/1525","targetHints":{"allow":["GET"]}}],"collection":[{"href":"https:\/\/polacek-sturovo.sk\/index.php?rest_route=\/wp\/v2\/pages"}],"about":[{"href":"https:\/\/polacek-sturovo.sk\/index.php?rest_route=\/wp\/v2\/types\/page"}],"author":[{"embeddable":true,"href":"https:\/\/polacek-sturovo.sk\/index.php?rest_route=\/wp\/v2\/users\/1"}],"replies":[{"embeddable":true,"href":"https:\/\/polacek-sturovo.sk\/index.php?rest_route=%2Fwp%2Fv2%2Fcomments&post=1525"}],"version-history":[{"count":17,"href":"https:\/\/polacek-sturovo.sk\/index.php?rest_route=\/wp\/v2\/pages\/1525\/revisions"}],"predecessor-version":[{"id":12128,"href":"https:\/\/polacek-sturovo.sk\/index.php?rest_route=\/wp\/v2\/pages\/1525\/revisions\/12128"}],"wp:attachment":[{"href":"https:\/\/polacek-sturovo.sk\/index.php?rest_route=%2Fwp%2Fv2%2Fmedia&parent=1525"}],"curies":[{"name":"wp","href":"https:\/\/api.w.org\/{rel}","templated":true}]}}